{"id":18,"date":"2025-04-03T21:08:34","date_gmt":"2025-04-04T00:08:34","guid":{"rendered":"https:\/\/latinaradio.cl\/?page_id=18"},"modified":"2025-04-05T16:34:44","modified_gmt":"2025-04-05T19:34:44","slug":"quienes-somos","status":"publish","type":"page","link":"https:\/\/latinaradio.cl\/index.php\/quienes-somos\/","title":{"rendered":"QUIENES SOMOS"},"content":{"rendered":"<p>Radio Latina es un emblema en Limache y sus alrededores desde 1960. Con m\u00e1s de seis d\u00e9cadas de historia, esta emisora ha sabido mantenerse en el coraz\u00f3n de sus auditores gracias a su variada programaci\u00f3n y su compromiso con la comunidad. A trav\u00e9s de los a\u00f1os, ha sido un punto de encuentro para las familias locales, ofreciendo m\u00fasica, noticias y contenido que conecta generaciones. Su legado es parte esencial de la identidad cultural de la zona.<\/p>\n<p>&nbsp;<\/p>\n<p><strong>Misi\u00f3n de Radio Latina\u00a0<\/strong><\/p>\n<p>Ser la emisora que conecta a las comunidades de Limache y sus alrededores, ofreciendo contenido variado, cercano y de calidad, que informa, entretiene y acompa\u00f1a a sus auditores. Con m\u00e1s de 60 a\u00f1os de historia, buscamos mantenernos como un referente cultural y social, fortaleciendo la identidad local y siendo la compa\u00f1\u00eda diaria de cada hogar.<\/p>\n<p><strong>Visi\u00f3n de Radio Latina<\/strong><\/p>\n<p>Consolidarnos como la radio m\u00e1s querida y escuchada de la regi\u00f3n, innovando en nuestra programaci\u00f3n para seguir siendo un puente entre generaciones. Aspiramos a ser un medio que inspire confianza, promueva la cultura local y crezca junto a la comunidad, manteniendo viva nuestra historia y proyect\u00e1ndonos hacia el futuro.<\/p>\n<p>&nbsp;<\/p>\n<p>&nbsp;<\/p>\n<p>&nbsp;<\/p>\n<p>&nbsp;<\/p>\n<p>&nbsp;<\/p>\n","protected":false},"excerpt":{"rendered":"<p>Radio Latina es un emblema en Limache y sus alrededores desde 1960. Con m\u00e1s de seis d\u00e9cadas de historia, esta emisora ha sabido mantenerse en el coraz\u00f3n de sus auditores gracias a su variada programaci\u00f3n y su compromiso con la comunidad. A trav\u00e9s de los a\u00f1os, ha sido un punto de encuentro para las familias [&hellip;]<\/p>\n","protected":false},"author":2,"featured_media":0,"parent":0,"menu_order":0,"comment_status":"closed","ping_status":"closed","template":"","meta":[],"_links":{"self":[{"href":"https:\/\/latinaradio.cl\/index.php\/wp-json\/wp\/v2\/pages\/18"}],"collection":[{"href":"https:\/\/latinaradio.cl\/index.php\/wp-json\/wp\/v2\/pages"}],"about":[{"href":"https:\/\/latinaradio.cl\/index.php\/wp-json\/wp\/v2\/types\/page"}],"author":[{"embeddable":true,"href":"https:\/\/latinaradio.cl\/index.php\/wp-json\/wp\/v2\/users\/2"}],"replies":[{"embeddable":true,"href":"https:\/\/latinaradio.cl\/index.php\/wp-json\/wp\/v2\/comments?post=18"}],"version-history":[{"count":4,"href":"https:\/\/latinaradio.cl\/index.php\/wp-json\/wp\/v2\/pages\/18\/revisions"}],"predecessor-version":[{"id":89,"href":"https:\/\/latinaradio.cl\/index.php\/wp-json\/wp\/v2\/pages\/18\/revisions\/89"}],"wp:attachment":[{"href":"https:\/\/latinaradio.cl\/index.php\/wp-json\/wp\/v2\/media?parent=18"}],"curies":[{"name":"wp","href":"https:\/\/api.w.org\/{rel}","templated":true}]}}